{"id":128,"date":"2015-09-14T14:38:33","date_gmt":"2015-09-14T14:38:33","guid":{"rendered":"http:\/\/maispessoa.pt\/site\/?page_id=128"},"modified":"2017-04-29T12:45:14","modified_gmt":"2017-04-29T12:45:14","slug":"tecnicos_hipnose-clinica","status":"publish","type":"page","link":"https:\/\/maispessoa.pt\/site\/tecnicos_hipnose-clinica\/","title":{"rendered":"Hipnose Cl\u00ednica"},"content":{"rendered":"<p><strong>Catarina S\u00e1<\/strong><br \/>\nEspecialista em Psicologia Cl\u00ednica e da Sa\u00fade pela Ordem dos Psic\u00f3logos Portugueses<br \/>\nP\u00f3s-Graduada em Psicopatologia da Crian\u00e7a e do Adolescente<br \/>\nFormada em Hipnose Cl\u00ednica e Hipnoterapia pela Hypnos Portugal, Lisboa<br \/>\nLicenciada em Psicologia;\uf0b7 Formadora na \u00e1rea da Psicologia<br \/>\nInstrutora de relaxamento e medita\u00e7\u00e3o para crian\u00e7as e jovens.<\/p>\n<p><strong>V\u00e2nia Amorim Ribeiro<\/strong><br \/>\nMestranda em Pr\u00e1ticas C\u00e9nicas pela Faculdade de Ci\u00eancias Sociais e Humanas da Universidade Nova de Lisboa.<br \/>\nFormada em Hipnose Cl\u00ednica e Hipnoterapia pela Hypnos Portugal, Lisboa.<br \/>\nLicenciada em Teatro \u2013ramos actores, pela Escola Superior de Teatro e Cinema, Lisboa.<br \/>\nLicenciada em Psicologia, \u00e1rea de pr\u00e9-especializa\u00e7\u00e3o em Psicologia Escolar e da Educa\u00e7\u00e3o, pela Universidade do Minho.<br \/>\nEspecialista em Psicologia Cl\u00ednica e da Sa\u00fade pela Ordem dos Psic\u00f3logos Portugueses<\/p>\n","protected":false},"excerpt":{"rendered":"<p>Catarina S\u00e1 Especialista em Psicologia Cl\u00ednica e da Sa\u00fade pela Ordem dos Psic\u00f3logos Portugueses P\u00f3s-Graduada em Psicopatologia da Crian\u00e7a e do Adolescente Formada em Hipnose Cl\u00ednica e Hipnoterapia pela Hypnos Portugal, Lisboa Licenciada em Psicologia;\uf0b7 Formadora na \u00e1rea da Psicologia Instrutora de relaxamento e medita\u00e7\u00e3o para crian\u00e7as e jovens. V\u00e2nia Amorim Ribeiro Mestranda em Pr\u00e1ticas [&hellip;]<\/p>\n","protected":false},"author":1,"featured_media":0,"parent":0,"menu_order":0,"comment_status":"closed","ping_status":"closed","template":"","meta":{"footnotes":""},"class_list":["post-128","page","type-page","status-publish","hentry"],"_links":{"self":[{"href":"https:\/\/maispessoa.pt\/site\/wp-json\/wp\/v2\/pages\/128","targetHints":{"allow":["GET"]}}],"collection":[{"href":"https:\/\/maispessoa.pt\/site\/wp-json\/wp\/v2\/pages"}],"about":[{"href":"https:\/\/maispessoa.pt\/site\/wp-json\/wp\/v2\/types\/page"}],"author":[{"embeddable":true,"href":"https:\/\/maispessoa.pt\/site\/wp-json\/wp\/v2\/users\/1"}],"replies":[{"embeddable":true,"href":"https:\/\/maispessoa.pt\/site\/wp-json\/wp\/v2\/comments?post=128"}],"version-history":[{"count":6,"href":"https:\/\/maispessoa.pt\/site\/wp-json\/wp\/v2\/pages\/128\/revisions"}],"predecessor-version":[{"id":356,"href":"https:\/\/maispessoa.pt\/site\/wp-json\/wp\/v2\/pages\/128\/revisions\/356"}],"wp:attachment":[{"href":"https:\/\/maispessoa.pt\/site\/wp-json\/wp\/v2\/media?parent=128"}],"curies":[{"name":"wp","href":"https:\/\/api.w.org\/{rel}","templated":true}]}}