{"id":374,"date":"2017-05-10T19:43:19","date_gmt":"2017-05-10T19:43:19","guid":{"rendered":"http:\/\/maispessoa.pt\/site\/?page_id=374"},"modified":"2017-05-10T19:46:21","modified_gmt":"2017-05-10T19:46:21","slug":"hipnose-newsletter-06","status":"publish","type":"page","link":"https:\/\/maispessoa.pt\/site\/hipnose-newsletter-06\/","title":{"rendered":"HIPNOSE &#8211; NEWSLETTER 06"},"content":{"rendered":"<style>\ntable, th, td, p, span, div {\n    border: 0px !important; font-size:12px !important;\n}\n<\/style>\n<table style=\"width: 671px !important; font-size: 12px !important;\" border=\"0\" cellspacing=\"0\" cellpadding=\"0\" align=\"center\">\n<tbody>\n<tr>\n<td><img loading=\"lazy\" decoding=\"async\" src=\"http:\/\/maispessoa.pt\/lists\/images\/newslettermaispessoa-JAN.png\" alt=\"\" width=\"671\" height=\"202\" \/><\/td>\n<\/tr>\n<tr>\n<td align=\"left\" valign=\"bottom\"><img decoding=\"async\" src=\"http:\/\/www.maispessoa.pt\/lists\/images\/Linha_superior.png\" alt=\"\" align=\"left\" border=\"0\" \/><\/td>\n<\/tr>\n<tr>\n<td valign=\"top\">\n<table border=\"0\" cellspacing=\"0\" cellpadding=\"0\">\n<tbody>\n<tr valign=\"top\">\n<td>\n<table border=\"0\" width=\"670px\" cellspacing=\"0\" cellpadding=\"0\">\n<tbody>\n<tr>\n<td>\n<h2 style=\"text-align: center;\">HIPNOSE CL\u00cdNICA na cessa\u00e7\u00e3o tab\u00e1gica: <br \/>\u201cEu decido deixar de fumar\u201d<\/h2>\n<\/td>\n<\/tr>\n<tr style=\"text-align: justify;\">\n<td>\n<p style=\"text-align: justify;\"><input style=\"padding-left: 5px; padding-bottom: 5px;\" width=\"250\" src=\"http:\/\/maispessoa.pt\/lists\/uploadimages\/pexels-photo-54300.jpg\" type=\"image\" width=\"166\" align=\"right\" \/> A hipnose cl\u00ednica \u00e9 uma t\u00e9cnica bem sucedida na cessa\u00e7\u00e3o do consumo de nicotina. Atrav\u00e9s da indu\u00e7\u00e3o de um estado modificado de consci\u00eancia, caracterizado por uma aten\u00e7\u00e3o extremamente concentrada e por estados mais profundos de relaxamento., permite que o individuo fique mais focado e mais perme\u00e1vel \u00e0s sugest\u00f5es dadas pelo hipnoterapeuta. 1<\/p>\n<p>Atua ao n\u00edvel do seu sistema de cren\u00e7as e convic\u00e7\u00f5es, auxiliando-o a mobilizar os seus recursos internos para atingir o seu objetivo: deixar de fumar.<\/p>\n<p>O consumo de nicotina \u00e9 considerado pela American Psyquiatric Association uma perturba\u00e7\u00e3o aditiva por consumo de subst\u00e2ncias caracterizada por um forte desejo ou compuls\u00e3o para o seu consumo, por s\u00e9rias dificuldades em controlar a sua ingest\u00e3o e desconforto intenso aquando da cessa\u00e7\u00e3o ou redu\u00e7\u00e3o da quantidade consumida. Apresenta s\u00e9rias e dram\u00e1ticas consequ\u00eancias para a sa\u00fade e funcionamento social do indiv\u00edduo.<\/p>\n<p>Ap\u00f3s o consumo de nicotina repetido e continuado no tempo, o c\u00e9rebro aceita-o como verdadeiro e torna-se aliado do indiv\u00edduo em manter esses h\u00e1bitos, para ele prazerosos. Quando se inicia um per\u00edodo de abstin\u00eancia, o c\u00e9rebro inicia uma luta desenfreada para que o indiv\u00edduo volte ao comportamento anterior- consumo de nicotina- e, dessa forma, estimular o circuito do prazer. Ao conseguir faz\u00ea-lo fica confuso, sem saber o que \u00e9 melhor para o indiv\u00edduo.<\/p>\n<p>O consumo de nicotina leva a uma programa\u00e7\u00e3o desadequada do c\u00e9rebro que, enquanto n\u00e3o for mudada, permanecer\u00e1.<\/p>\n<table>\n<tbody>\n<tr>\n<th>HIPNOSE CL\u00cdNICA e CESSA\u00c7\u00c3O TAB\u00c1GICA<\/th>\n<\/tr>\n<tr>\n<td>\n<ul>\n<li>fortalece a motiva\u00e7\u00e3o para a cessa\u00e7\u00e3o do consumode nicotina<\/li>\n<li>controla o impulso para o comportamento aditivo <\/li>\n<li>refor\u00e7a a interioriza\u00e7\u00e3o da mudan\u00e7a de h\u00e1bitos<\/li>\n<\/ul>\n<\/td>\n<\/tr>\n<\/tbody>\n<\/table>\n<p><input style=\"padding-left: 5px; padding-bottom: 5px;\" width=\"250\" src=\"http:\/\/maispessoa.pt\/lists\/uploadimages\/318H.jpg\" type=\"image\" width=\"166\" align=\"right\" \/>\u00c9 como se houvesse uma reprograma\u00e7\u00e3o do inconsciente que faz com que a nicotina se torne cada vez menos atraente para o indiv\u00edduo, at\u00e9 que esse est\u00edmulo se torna indiferente para ele.<\/p>\n<p>1 Note-se que a viagem \u00e9 sempre de quem a faz e \u00e9 o pr\u00f3prio que decide o que quer imaginar e trabalhar, a partir das sugest\u00f5es e t\u00e9cnicas que o hipnoterapeuta prop\u00f5e.<\/td>\n<\/tr>\n<tr style=\"text-align: justify;\">\n<td>\n<hr \/>\n<p style=\"text-align: left;\"><strong>Catarina S\u00e1<\/strong><\/p>\n<p style=\"text-align: left;\">hipnoterapeuta em Maispessoa<\/p>\n<p style=\"text-align: left;\">(para mais informa\u00e7\u00f5es visite<a href=\"https:\/\/maispessoa.pt\/site\/\">\u00a0http:\/\/maispessoa.pt<\/a>)<\/p>\n<\/td>\n<\/tr>\n<\/tbody>\n<\/table>\n<\/td>\n<\/tr>\n<\/tbody>\n<\/table>\n<p>&nbsp;<\/td>\n<\/tr>\n<tr>\n<td align=\" valign=\"><img decoding=\"async\" src=\"http:\/\/www.maispessoa.pt\/lists\/images\/linha_rodape.png\" alt=\"\" align=\"left\" border=\"0\" \/><\/td>\n<\/tr>\n<tr>\n<td valign=\"top\">\n<table border=\"0\" width=\"100%\" cellspacing=\"0\" cellpadding=\"0\">\n<tbody>\n<tr valign=\"top\">\n<td align=\"left\" valign=\"top\" width=\"50%\"><strong>Viana do Castelo<\/strong><\/p>\n<p>Pra\u00e7a 1\u00baMaio, 107 &#8211; Salas J\/K<\/p>\n<p>4900-534 Viana do Castelo<\/p>\n<p>Tel: 258 834 408 &#8211; Tlm: 96 7 233 552<\/td>\n<td align=\"left\" valign=\"top\" width=\"50%\"><strong>Valen\u00e7a<\/strong><\/p>\n<p>Edificio Ponte Seca &#8211; Avenida Miguel Dantas &#8211; Sala K<\/p>\n<p>4930 Valen\u00e7a<\/p>\n<p>&nbsp;<\/td>\n<\/tr>\n<\/tbody>\n<\/table>\n<\/td>\n<\/tr>\n<tr>\n<td valign=\"top\">\n<table border=\"0\" cellspacing=\"0\" cellpadding=\"0\">\n<tbody>\n<tr>\n<td align=\"left\" valign=\"bottom\"><img decoding=\"async\" src=\"http:\/\/www.maispessoa.pt\/lists\/images\/linha_rodape.png\" alt=\"\" align=\"left\" border=\"0\" \/><\/td>\n<\/tr>\n<tr>\n<td style=\"text-align: center;\">\u00a0\u00a9\u00a0MaisPessoa \u2013 Centro de Interven\u00e7\u00e3o Psicol\u00f3gica e Desenvolvimento Educacional, Lda\u00a02010<\/td>\n<\/tr>\n<tr>\n<td style=\"text-align: center;\"><a href=\"http:\/\/maispessoa.pt\/?utm_source=emailcampaign72&#038;utm_medium=phpList&#038;utm_content=HTMLemail&#038;utm_campaign=HIPNOSE+-+NEWSLETTER+06\">www.maispessoa.pt<\/a><\/td>\n<\/tr>\n<\/tbody>\n<\/table>\n<\/td>\n<\/tr>\n<\/tbody>\n<\/table>\n","protected":false},"excerpt":{"rendered":"<p>HIPNOSE CL\u00cdNICA na cessa\u00e7\u00e3o tab\u00e1gica: \u201cEu decido deixar de fumar\u201d A hipnose cl\u00ednica \u00e9 uma t\u00e9cnica bem sucedida na cessa\u00e7\u00e3o do consumo de nicotina. Atrav\u00e9s da indu\u00e7\u00e3o de um estado modificado de consci\u00eancia, caracterizado por uma aten\u00e7\u00e3o extremamente concentrada e por estados mais profundos de relaxamento., permite que o individuo fique mais focado e mais [&hellip;]<\/p>\n","protected":false},"author":1,"featured_media":366,"parent":0,"menu_order":0,"comment_status":"closed","ping_status":"closed","template":"template-fullwidth.php","meta":{"footnotes":""},"class_list":["post-374","page","type-page","status-publish","has-post-thumbnail","hentry"],"_links":{"self":[{"href":"https:\/\/maispessoa.pt\/site\/wp-json\/wp\/v2\/pages\/374","targetHints":{"allow":["GET"]}}],"collection":[{"href":"https:\/\/maispessoa.pt\/site\/wp-json\/wp\/v2\/pages"}],"about":[{"href":"https:\/\/maispessoa.pt\/site\/wp-json\/wp\/v2\/types\/page"}],"author":[{"embeddable":true,"href":"https:\/\/maispessoa.pt\/site\/wp-json\/wp\/v2\/users\/1"}],"replies":[{"embeddable":true,"href":"https:\/\/maispessoa.pt\/site\/wp-json\/wp\/v2\/comments?post=374"}],"version-history":[{"count":3,"href":"https:\/\/maispessoa.pt\/site\/wp-json\/wp\/v2\/pages\/374\/revisions"}],"predecessor-version":[{"id":377,"href":"https:\/\/maispessoa.pt\/site\/wp-json\/wp\/v2\/pages\/374\/revisions\/377"}],"wp:featuredmedia":[{"embeddable":true,"href":"https:\/\/maispessoa.pt\/site\/wp-json\/wp\/v2\/media\/366"}],"wp:attachment":[{"href":"https:\/\/maispessoa.pt\/site\/wp-json\/wp\/v2\/media?parent=374"}],"curies":[{"name":"wp","href":"https:\/\/api.w.org\/{rel}","templated":true}]}}