{"id":402,"date":"2018-01-10T22:58:47","date_gmt":"2018-01-10T22:58:47","guid":{"rendered":"http:\/\/maispessoa.pt\/site\/?page_id=402"},"modified":"2018-01-10T22:58:47","modified_gmt":"2018-01-10T22:58:47","slug":"maisterapia","status":"publish","type":"page","link":"https:\/\/maispessoa.pt\/site\/maisterapia\/","title":{"rendered":"+ Terapia"},"content":{"rendered":"\t\t\t\t\t\t<style>\r\n\t\t\t\t\r\n\t\t\t\t\t#tab_container_399 {\r\n\toverflow:hidden;\r\n\tdisplay:block;\r\n\twidth:100%;\r\n\tborder:0px solid #ddd;\r\n\tmargin-bottom:30px;\r\n\t}\r\n\r\n#tab_container_399 .tab-content{\r\n\tpadding:20px;\r\n\tborder: 1px solid #e6e6e6 !important;\r\n\tmargin-top: 0px;\r\n\tbackground-color:#ffffff !important;\r\n\tcolor: #000000 !important;\r\n\tfont-size:16px !important;\r\n\tfont-family: Open Sans !important;\r\n\t\r\n\t\tborder: 1px solid #e6e6e6 !important;\r\n\t}\r\n#tab_container_399 .wpsm_nav-tabs {\r\n    border-bottom: 0px solid #ddd;\r\n}\r\n#tab_container_399 .wpsm_nav-tabs > li.active > a, #tab_container_399 .wpsm_nav-tabs > li.active > a:hover, #tab_container_399 .wpsm_nav-tabs > li.active > a:focus {\r\n\tcolor: #ffffff !important;\r\n\tcursor: default;\r\n\tbackground-color: #6b6b6b !important;\r\n\tborder: 1px solid #525252 !important;\r\n}\r\n\r\n#tab_container_399 .wpsm_nav-tabs > li > a {\r\n    margin-right: 0px !important; \r\n    line-height: 1.42857143 !important;\r\n    border: 1px solid #dcdcdc !important;\r\n    border-radius: 0px 0px 0 0 !important; \r\n\tbackground-color: #efefef !important;\r\n\tcolor: #6b6b6b !important;\r\n\tpadding: 15px 18px 15px 18px !important;\r\n\ttext-decoration: none !important;\r\n\tfont-size: 14px !important;\r\n\ttext-align:center !important;\r\n\tfont-family: Open Sans !important;\r\n}\r\n#tab_container_399 .wpsm_nav-tabs > li > a:focus {\r\noutline: 0px !important;\r\n}\r\n\r\n#tab_container_399 .wpsm_nav-tabs > li > a:before {\r\n\tdisplay:none !important;\r\n}\r\n#tab_container_399 .wpsm_nav-tabs > li > a:after {\r\n\tdisplay:none !important ;\r\n}\r\n#tab_container_399 .wpsm_nav-tabs > li{\r\npadding:0px !important ;\r\nmargin:0px;\r\n}\r\n\r\n#tab_container_399 .wpsm_nav-tabs > li > a:hover , #tab_container_399 .wpsm_nav-tabs > li > a:focus {\r\n    color: #6b6b6b !important;\r\n    background-color: #efefef !important;\r\n\tborder: 1px solid #dcdcdc !important;\r\n\t\r\n}\r\n#tab_container_399 .wpsm_nav-tabs > li > a .fa{\r\n\r\nmargin-right:5px !important;\r\n\r\nmargin-left:5px !important;\r\n\r\n\r\n}\r\n\r\n\t\t#tab_container_399 .wpsm_nav-tabs a{\r\n\t\t\tbackground-image: url(https:\/\/maispessoa.pt\/site\/wp-content\/plugins\/tabs-responsive\/assets\/images\/style-soft.png);\r\n\t\t\tbackground-position: 0 0;\r\n\t\t\tbackground-repeat: repeat-x;\r\n\t\t}\r\n\t\t\t\r\n\r\n\r\n#tab_container_399 .wpsm_nav-tabs > li {\r\n    float: left;\r\n    margin-bottom: -1px !important;\r\n\tmargin-right:0px !important; \r\n}\r\n\r\n\r\n#tab_container_399 .tab-content{\r\noverflow:hidden !important;\r\n}\r\n\r\n\r\n@media (min-width: 769px) {\r\n\r\n\t#tab_container_399 .wpsm_nav-tabs > li{\r\n\t\tfloat:left !important ;\r\n\t\t\t\tmargin-right:-1px !important;\r\n\t\t\t\t\t}\r\n\t#tab_container_399 .wpsm_nav-tabs{\r\n\t\tfloat:none !important;\r\n\t\tmargin:0px !important;\r\n\t}\r\n\r\n\t#tab_container_399 .wpsm_nav-tabs > li {\r\n\t\t\t\t\r\n\t}\r\n\t#tab_container_399 .wpsm_nav{\r\n\t\t\t}\r\n\r\n}\r\n\r\n\r\n\r\n@media (max-width: 768px) {\r\n\t#tab_container_399 .wpsm_nav-tabs > li {\r\n\t\t\t\t\r\n\t}\r\n\t#tab_container_399 .wpsm_nav{\r\n\t\t\t}\r\n}\r\n\r\n\r\n\t.wpsm_nav-tabs li:before{\r\n\t\tdisplay:none !important;\r\n\t}\r\n\r\n\t@media (max-width: 768px) {\r\n\t\t\t\t\r\n\t\t\t\t.wpsm_nav-tabs{\r\n\t\t\tmargin-left:0px !important;\r\n\t\t\tmargin-right:0px !important; \r\n\t\t\t\r\n\t\t}\r\n\t\t\t\t#tab_container_399 .wpsm_nav-tabs > li{\r\n\t\t\tfloat:none !important;\r\n\t\t}\r\n\t\t\t\r\n\t}\t\t\t\t<\/style>\r\n\t\t\t\t<div id=\"tab_container_399\" >\r\n\t \r\n\t\t\t\t\t<ul class=\"wpsm_nav wpsm_nav-tabs\" role=\"tablist\" id=\"myTab_399\">\r\n\t\t\t\t\t\t\t\r\n\t\t\t\t\t\t\t<li role=\"presentation\"  class=\"active\"  onclick=\"do_resize()\">\r\n\t\t\t\t\t\t\t\t<a href=\"#tabs_desc_399_1\" aria-controls=\"tabs_desc_399_1\" role=\"tab\" data-toggle=\"tab\">\r\n\t\t\t\t\t\t\t\t\t\r\n\t\t\t\t\t\t\t\t\t\t\t\t\t\t\t\t\t\t\t\t\t\t\t\t\t\t\t\t\t\t\t<i class=\"fa fa-plus\"><\/i> \t\t\t\t\t\t\t\t\t\t\t\t\t\t\t\t\t\t\t\r\n\t\t\t\t\t\t\t\t\t\t\t\t\t\t\t\t\t\t\r\n\t\t\t\t\t\t\t\t\t<span>Terapia da Fala<\/span>\r\n\t\t\t\t\t\t\t\t\t\r\n\t\t\t\t\t\t\t\t\t\t\t\t\t\t\t\t\t\t\r\n\t\t\t\t\t\t\t\t\t\t\t\t\t\t\t\t\t\t\t\t\r\n\t\t\t\t\t\t\t\t\t\r\n\t\t\t\t\t\t\t\t<\/a>\r\n\t\t\t\t\t\t\t<\/li>\r\n\t\t\t\t\t\t\t\r\n\t\t\t\t\t\t\t<li role=\"presentation\"  onclick=\"do_resize()\">\r\n\t\t\t\t\t\t\t\t<a href=\"#tabs_desc_399_2\" aria-controls=\"tabs_desc_399_2\" role=\"tab\" data-toggle=\"tab\">\r\n\t\t\t\t\t\t\t\t\t\r\n\t\t\t\t\t\t\t\t\t\t\t\t\t\t\t\t\t\t\t\t\t\t\t\t\t\t\t\t\t\t\t<i class=\"fa fa-plus\"><\/i> \t\t\t\t\t\t\t\t\t\t\t\t\t\t\t\t\t\t\t\r\n\t\t\t\t\t\t\t\t\t\t\t\t\t\t\t\t\t\t\r\n\t\t\t\t\t\t\t\t\t<span>Terapia Ocupacional e Integra\u00e7\u00e3o Sensorial<\/span>\r\n\t\t\t\t\t\t\t\t\t\r\n\t\t\t\t\t\t\t\t\t\t\t\t\t\t\t\t\t\t\r\n\t\t\t\t\t\t\t\t\t\t\t\t\t\t\t\t\t\t\t\t\r\n\t\t\t\t\t\t\t\t\t\r\n\t\t\t\t\t\t\t\t<\/a>\r\n\t\t\t\t\t\t\t<\/li>\r\n\t\t\t\t\t\t\t\t\t\t\t <\/ul>\r\n\r\n\t\t\t\t\t  <!-- Tab panes -->\r\n\t\t\t\t\t  <div class=\"tab-content\" id=\"tab-content_399\">\r\n\t\t\t\t\t\t\t\t\t\t\t\t <div role=\"tabpanel\" class=\"tab-pane  in active \" id=\"tabs_desc_399_1\">\r\n\t\t\t\t\t\t\t\t<strong>O terapeuta da fala \u00e9 o respons\u00e1vel pela avalia\u00e7\u00e3o e interven\u00e7\u00e3o em crian\u00e7as, jovens e adultos<\/strong> nas \u00e1reas da comunica\u00e7\u00e3o,  linguagem (vertentes oral e escrita), fala, voz e alimenta\u00e7\u00e3o.<br>\r\n<br>\r\nAs \u00e1reas de atua\u00e7\u00e3o da terapia da fala s\u00e3o:\r\n<ul>\r\n \t<li>Atraso no Desenvolvimento da Linguagem;<\/li>\r\n \t<li>Perturba\u00e7\u00e3o da Linguagem<\/li>\r\n \t<li>Perturba\u00e7\u00e3o Espec\u00edfica do Desenvolvimento da Linguagem;<\/li>\r\n \t<li>Perturba\u00e7\u00f5es da Aprendizagem Espec\u00edfica (Leitura; Escrita)<\/li>\r\n \t<li>Perturba\u00e7\u00e3o da Comunica\u00e7\u00e3o;<\/li>\r\n \t<li>Perturba\u00e7\u00f5es dos Sons da Fala;<\/li>\r\n \t<li>Problemas de Motricidade Oro-Facial (suc\u00e7\u00e3o, mastiga\u00e7\u00e3o, respira\u00e7\u00e3o e fala);<\/li>\r\n \t<li>Disflu\u00eancia (Gaguez);<\/li>\r\n \t<li>Disartria;<\/li>\r\n \t<li>Afasia;<\/li>\r\n \t<li>Disfonia (Perturba\u00e7\u00f5es da Voz) e Educa\u00e7\u00e3o\/Higiene Vocal;<\/li>\r\n<li>Defici\u00eancia Auditiva.<\/li>\r\n<\/ul>\r\n\r\n<hr \/>\r\n\r\n<div><strong>Lia Carina Cerqueiro Cancela<\/strong><\/div>\r\n<div><span style=\"font-size: 10pt;\">P\u00f3s-Graduada em Perturba\u00e7\u00f5es Neurol\u00f3gicas da Comunica\u00e7\u00e3o do adulto pelo instituto Criap.<\/span><\/div>\r\n<div><span style=\"font-size: 10pt;\">P\u00f3s-Graduada em Perturba\u00e7\u00f5es do Desenvolvimento da 1\u00aa inf\u00e2ncia \u00e0 adolesc\u00eancia pelo instituto Criap.<\/span><\/div>\r\n<div><span style=\"font-size: 10pt;\">Licenciada em Terap\u00eautica da Fala pela Escola Superior de Sa\u00fade da Universidade Fernando Pessoa.<\/span><\/div>\r\n<div><span style=\"font-size: 10pt;\">Participa\u00e7\u00e3o no 2\u00ba Congresso de Estudantes de Terapia da Fala da UFP e no Workshop \"Teste ACCLE e M\u00e9todo Habiles\" pelo Instituto Criap.<\/span><\/div>\r\n<div><span style=\"font-size: 10pt;\">Curso Avan\u00e7ado em Perturba\u00e7\u00e3o do Processamento Auditivo Central - N\u00edvel 1 pelo Instituto Criap.<\/span><\/div>\r\n<div><span style=\"font-size: 10pt;\">Curso de Terapia Miofuncional Orofacial pela Formaterapia.<\/span><\/div>\r\n<div><span style=\"font-size: 10pt;\">Forma\u00e7\u00e3o em Comunica\u00e7\u00e3o e Linguagem em crian\u00e7as e jovens com Perturba\u00e7\u00e3o do Espetro do Autismo pela SEEDGO.<\/span><\/div>\r\n<div><span style=\"font-size: 10pt;\">Forma\u00e7\u00e3o em Aprendizagem e Perturba\u00e7\u00f5es da Leitura e Escrita pela Relic\u00e1rio dos Sons.<\/span><\/div>\r\n<div><span style=\"font-size: 10pt;\">Forma\u00e7\u00e3o (N\u00edvel II e I) em BABY SIGNS.<\/span><\/div>\r\n<div><span style=\"font-size: 10pt;\">Workshop M\u00e9todo DOLF \u2013 Desenvolvimento Oral Lingu\u00edstico e Fonol\u00f3gico.<\/span><\/div>\t\t\t\t\t\t <\/div>\r\n\t\t\t\t\t\t\t\t\t\t\t\t <div role=\"tabpanel\" class=\"tab-pane \" id=\"tabs_desc_399_2\">\r\n\t\t\t\t\t\t\t\t<strong>A Terapia Ocupacional<\/strong>(TO) \u00e9 uma profiss\u00e3o da \u00e1rea da sa\u00fade que tem como principal objetivo potencializar as capacidades necess\u00e1rias para a participa\u00e7\u00e3o funcional nas diferentes atividades da vida di\u00e1ria.<br>\r\n<br>\r\nO Terapeuta Ocupacional:\r\n<p style=\"padding-left: 30px;\">- avalia e interv\u00e9m nas fun\u00e7\u00f5es sensoriais, percetivas, motoras, comportamentais e sociais da crian\u00e7a bem como nos fatores ambientais que influenciam o seu desempenho e autonomia;<\/p>\r\n<p style=\"padding-left: 30px;\">- envolve a crian\u00e7a e fam\u00edlia num plano de interven\u00e7\u00e3o individualizado<\/p> <br>\r\n<strong>No MaisPessoa esta val\u00eancia conta com t\u00e9cnicos especializados em Integra\u00e7\u00e3o Sensorial e uma sala totalmente equipada com materiais atrativos, l\u00fadicos e espec\u00edficos.<\/strong> <br>\r\n <br>\r\n<strong>\u00a0A Integra\u00e7\u00e3o Sensorial<\/strong> \u00e9 um processo pelo qual o c\u00e9rebro organiza as informa\u00e7\u00f5es que adv\u00eam dos nossos sentidos (visual, auditivo, olfativo, gustativo, t\u00e1til, vestibular e propriocetivo) na rela\u00e7\u00e3o com o ambiente, de modo a dar uma resposta adaptativa. Uma falha neste processo pode conduzir a problemas na aprendizagem, desenvolvimento e comportamento. <br>\r\n<br>\r\n<ul>\r\n \t<li><strong>Poss\u00edveis sinais de disfun\u00e7\u00e3o:<\/strong><\/li> \r\n<p style=\"padding-left: 30px;\">- Dificuldades de aten\u00e7\u00e3o e impulsividade (dificuldade em concentrar-se, perturbar-se com os ru\u00eddos, distrair-se com estimula\u00e7\u00e3o visual);<\/p>\r\n<p style=\"padding-left: 30px;\">\u2013 Pouca ou muita sensibilidade ao toque (excessiva avers\u00e3o ou procura de contacto com materiais ou pessoas, elevada ou pouca sensibilidade \u00e0 dor);<\/p>\r\n<p style=\"padding-left: 30px;\">\u2013 Pouca ou muita sensibilidade ao movimento (medo excessivo de alturas, do movimento e de brinquedos de parque; procura em demasia brincadeiras com movimento, gosta de rodopiar e n\u00e3o permanece em atividades sedent\u00e1rias);<\/p>\r\n<p style=\"padding-left: 30px;\">\u2013 Pobre coordena\u00e7\u00e3o motora e equil\u00edbrio (\u00e9 pouco eficaz em desportos, cai ou desequilibra-se com frequ\u00eancia);<\/p>\r\n<p style=\"padding-left: 30px;\">\u2013 Pobre planeamento motor e capacidade para sequenciar tarefas (dificuldade nas tarefas de vestir e\/ou despir);<\/p>\r\n<p style=\"padding-left: 30px;\">\u2013 Problemas na escrita (exerce demasiada ou pouca press\u00e3o no l\u00e1pis, s\u00e3o vis\u00edveis altera\u00e7\u00f5es na forma das letras e nos espa\u00e7os entre letras e palavras);\r\n<p style=\"padding-left: 30px;\">\r\n\u2013 Altera\u00e7\u00f5es no padr\u00e3o de alimenta\u00e7\u00e3o (n\u00e3o come alimentos caracter\u00edsticos da faixa et\u00e1ria pela textura e\/ou consist\u00eancia dos alimentos);<\/p>\r\n<br>\r\n<strong>\u00c1reas de interven\u00e7\u00e3o <\/strong>\r\n<ul>\r\n \t<li>Altera\u00e7\u00f5es neuromotoras (paralisia cerebral, les\u00f5es medulares, entre outras)<\/li>\r\n \t<li>Altera\u00e7\u00f5es neuromusculares<\/li>\r\n \t<li>Altera\u00e7\u00f5es ortop\u00e9dicas (les\u00e3o do plexo braquial, agenesia\/amputa\u00e7\u00e3o de membro)<\/li>\r\n \t<li>Altera\u00e7\u00f5es gen\u00e9ticas (s\u00edndromes)<\/li>\r\n \t<li>Altera\u00e7\u00f5es sensoriais (Hiper-reac\u00e7\u00e3o ou hipo-reac\u00e7\u00e3o \u00e0 estimula\u00e7\u00e3o sensorial: toque, movimento, luz e som);<\/li>\r\n \t<li>Atrasos Globais de Desenvolvimento<\/li>\r\n \t<li>D\u00e9fices cognitivos<\/li>\r\n \t<li>Dificuldades de aprendizagem<\/li>\r\n \t<li>Altera\u00e7\u00f5es\/Dificuldades na alimenta\u00e7\u00e3o<\/li>\r\n \t<li>D\u00e9fices de coordena\u00e7\u00e3o oculomotora<\/li>\r\n \t<li>D\u00e9fices de motricidade global e fina<\/li>\r\n \t<li>D\u00e9fices de coordena\u00e7\u00e3o motora bilateral<\/li>\r\n \t<li>Perturba\u00e7\u00f5es do Espectro do Autismo (PEA)<\/li>\r\n \t<li>Perturba\u00e7\u00f5es de Hiperatividade\/D\u00e9fice de Aten\u00e7\u00e3o<\/li>\r\n \t<li>Avalia\u00e7\u00e3o de produtos de apoio<\/li>\r\n \t<li>Adapta\u00e7\u00f5es nos diversos contextos em que a crian\u00e7a est\u00e1 inserida.<\/li>\r\n<\/ul>\r\n<hr \/>\r\n<strong>Joana Faria Ribeiro<\/strong>\r\n<div><span style=\"font-size: 10pt;\">P\u00f3s-graduada em Integra\u00e7\u00e3o Sensorial, pela Escola Superior de Tecnologia da Sa\u00fade de Coimbra.<\/span><\/div>\r\n<div><span style=\"font-size: 10pt;\">Licenciada em Terapia Ocupacional, pela Escola Superior de Sa\u00fade de Leiria, IPL.<\/span><\/div>\r\n<div><span style=\"font-size: 10pt;\">Formada em Terapia Ocupacional e Integra\u00e7\u00e3o Sensorial no Autismo, pela Associa\u00e7\u00e3o Portuguesa de Integra\u00e7\u00e3o Sensorial - 7senses com Richard Furbush, Terapeuta Ocupacional na Sky Pediatrics na Calif\u00f3rnia.<\/span><\/div>\r\n<div><span style=\"font-size: 10pt;\">Participa\u00e7\u00e3o no 2.\u00ba Congresso Ib\u00e9rico de Integra\u00e7\u00e3o Sensorial, pela Associa\u00e7\u00e3o Portuguesa de Integra\u00e7\u00e3o Sensorial - 7senses  e pela Associa\u00e7\u00e3o Espanhola de Integra\u00e7\u00e3o Sensorial - AEIS.<\/span><\/div><br>\r\n\r\n<div><strong>Catarina Vale<\/strong><\/div>\r\n<div><span style=\"font-size: 10pt;\">P\u00f3s-graduada em Integra\u00e7\u00e3o Sensorial, pela Escola Superior de Tecnologia da Sa\u00fade de Coimbra.<\/span><\/div>\r\n<div><span style=\"font-size: 10pt;\">Licenciada em Terapia Ocupacional, pela Escola Superior de Sa\u00fade de Leiria, IPL.<\/span><\/div><div><span style=\"font-size: 10pt;\">Forma\u00e7\u00e3o em Integra\u00e7\u00e3o Sensorial na Alimenta\u00e7\u00e3o, pela 7senses, com a terapeuta ocupacional Isabelle Beautry.<\/span><\/div> <div><span style=\"font-size: 10pt;\">Forma\u00e7\u00e3o em Terapia Ocupacional nas Dificuldades de Escrita Manual, pelo\r\nTerapeuta Ocupacional Marco Le\u00e3o.<\/span><\/div>\r\n<div><span style=\"font-size: 10pt;\">Forma\u00e7\u00e3o em Terapia Ocupacional no Autismo - Processo de Avalia\u00e7\u00e3o e\r\nInterven\u00e7\u00e3o, com a Terapeuta Ocupacional Helena Reis.<\/span><\/div><div><span style=\"font-size: 10pt;\">Participa\u00e7\u00e3o no 1.\u00ba Congresso Nacional de Integra\u00e7\u00e3o Sensorial, pela Associa\u00e7\u00e3o Portuguesa de Integra\u00e7\u00e3o Sensorial-7Senses.<\/span><\/div>\t\t\t\t\t\t <\/div>\r\n\t\t\t\t\t\t\t\r\n\t\t\t\t\t <\/div>\r\n\t\t\t\t\t \r\n\t\t\t\t <\/div>\r\n <script>\r\n\t\tjQuery(function () {\r\n\t\t\tjQuery('#myTab_399 a:first').tab('show')\r\n\t\t});\r\n\t\t\r\n\t\t\t\tjQuery(function(){\r\n\t\t\tvar b=\"fadeIn\";\r\n\t\t\tvar c;\r\n\t\t\tvar a;\r\n\t\t\td(jQuery(\"#myTab_399 a\"),jQuery(\"#tab-content_399\"));function d(e,f,g){\r\n\t\t\t\te.click(function(i){\r\n\t\t\t\t\ti.preventDefault();\r\n\t\t\t\t\tjQuery(this).tab(\"show\");\r\n\t\t\t\t\tvar h=jQuery(this).data(\"easein\");\r\n\t\t\t\t\tif(c){c.removeClass(a);}\r\n\t\t\t\t\tif(h){f.find(\"div.active\").addClass(\"animated \"+h);a=h;}\r\n\t\t\t\t\telse{if(g){f.find(\"div.active\").addClass(\"animated \"+g);a=g;}else{f.find(\"div.active\").addClass(\"animated \"+b);a=b;}}c=f.find(\"div.active\");\r\n\t\t\t\t});\r\n\t\t\t}\r\n\t\t});\r\n\t\t\r\n\r\n\t\tfunction do_resize(){\r\n\r\n\t\t\tvar width=jQuery( '.tab-content .tab-pane iframe' ).width();\r\n\t\t\tvar height=jQuery( '.tab-content .tab-pane iframe' ).height();\r\n\r\n\t\t\tvar toggleSize = true;\r\n\t\t\tjQuery('iframe').animate({\r\n\t\t\t    width: toggleSize ? width : 640,\r\n\t\t\t    height: toggleSize ? height : 360\r\n\t\t\t  }, 250);\r\n\r\n\t\t\t  toggleSize = !toggleSize;\r\n\t\t}\r\n\r\n\r\n\t<\/script>\r\n\t\t\t\t\r\n\t\t\t\n","protected":false},"excerpt":{"rendered":"","protected":false},"author":1,"featured_media":0,"parent":0,"menu_order":0,"comment_status":"closed","ping_status":"closed","template":"","meta":{"footnotes":""},"class_list":["post-402","page","type-page","status-publish","hentry"],"_links":{"self":[{"href":"https:\/\/maispessoa.pt\/site\/wp-json\/wp\/v2\/pages\/402","targetHints":{"allow":["GET"]}}],"collection":[{"href":"https:\/\/maispessoa.pt\/site\/wp-json\/wp\/v2\/pages"}],"about":[{"href":"https:\/\/maispessoa.pt\/site\/wp-json\/wp\/v2\/types\/page"}],"author":[{"embeddable":true,"href":"https:\/\/maispessoa.pt\/site\/wp-json\/wp\/v2\/users\/1"}],"replies":[{"embeddable":true,"href":"https:\/\/maispessoa.pt\/site\/wp-json\/wp\/v2\/comments?post=402"}],"version-history":[{"count":1,"href":"https:\/\/maispessoa.pt\/site\/wp-json\/wp\/v2\/pages\/402\/revisions"}],"predecessor-version":[{"id":403,"href":"https:\/\/maispessoa.pt\/site\/wp-json\/wp\/v2\/pages\/402\/revisions\/403"}],"wp:attachment":[{"href":"https:\/\/maispessoa.pt\/site\/wp-json\/wp\/v2\/media?parent=402"}],"curies":[{"name":"wp","href":"https:\/\/api.w.org\/{rel}","templated":true}]}}