{"id":404,"date":"2018-01-10T23:00:47","date_gmt":"2018-01-10T23:00:47","guid":{"rendered":"http:\/\/maispessoa.pt\/site\/?page_id=404"},"modified":"2019-10-31T15:46:13","modified_gmt":"2019-10-31T15:46:13","slug":"maiseducacao","status":"publish","type":"page","link":"https:\/\/maispessoa.pt\/site\/maiseducacao\/","title":{"rendered":"+ Educa\u00e7\u00e3o\/Forma\u00e7\u00e3o"},"content":{"rendered":"\t\t\t\t\t\t<style>\r\n\t\t\t\t\r\n\t\t\t\t\t#tab_container_405 {\r\n\toverflow:hidden;\r\n\tdisplay:block;\r\n\twidth:100%;\r\n\tborder:0px solid #ddd;\r\n\tmargin-bottom:30px;\r\n\t}\r\n\r\n#tab_container_405 .tab-content{\r\n\tpadding:20px;\r\n\tborder: 1px solid #e6e6e6 !important;\r\n\tmargin-top: 0px;\r\n\tbackground-color:#ffffff !important;\r\n\tcolor: #000000 !important;\r\n\tfont-size:16px !important;\r\n\tfont-family: Open Sans !important;\r\n\t\r\n\t\tborder: 1px solid #e6e6e6 !important;\r\n\t}\r\n#tab_container_405 .wpsm_nav-tabs {\r\n    border-bottom: 0px solid #ddd;\r\n}\r\n#tab_container_405 .wpsm_nav-tabs > li.active > a, #tab_container_405 .wpsm_nav-tabs > li.active > a:hover, #tab_container_405 .wpsm_nav-tabs > li.active > a:focus {\r\n\tcolor: #ffffff !important;\r\n\tcursor: default;\r\n\tbackground-color: #2a2a84 !important;\r\n\tborder: 1px solid #11116b !important;\r\n}\r\n\r\n#tab_container_405 .wpsm_nav-tabs > li > a {\r\n    margin-right: 0px !important; \r\n    line-height: 1.42857143 !important;\r\n    border: 1px solid #d5d5d5 !important;\r\n    border-radius: 0px 0px 0 0 !important; \r\n\tbackground-color: #e8e8e8 !important;\r\n\tcolor: #2a2a84 !important;\r\n\tpadding: 15px 18px 15px 18px !important;\r\n\ttext-decoration: none !important;\r\n\tfont-size: 16px !important;\r\n\ttext-align:center !important;\r\n\tfont-family: Open Sans !important;\r\n}\r\n#tab_container_405 .wpsm_nav-tabs > li > a:focus {\r\noutline: 0px !important;\r\n}\r\n\r\n#tab_container_405 .wpsm_nav-tabs > li > a:before {\r\n\tdisplay:none !important;\r\n}\r\n#tab_container_405 .wpsm_nav-tabs > li > a:after {\r\n\tdisplay:none !important ;\r\n}\r\n#tab_container_405 .wpsm_nav-tabs > li{\r\npadding:0px !important ;\r\nmargin:0px;\r\n}\r\n\r\n#tab_container_405 .wpsm_nav-tabs > li > a:hover , #tab_container_405 .wpsm_nav-tabs > li > a:focus {\r\n    color: #2a2a84 !important;\r\n    background-color: #e8e8e8 !important;\r\n\tborder: 1px solid #d5d5d5 !important;\r\n\t\r\n}\r\n#tab_container_405 .wpsm_nav-tabs > li > a .fa{\r\n\r\nmargin-right:5px !important;\r\n\r\nmargin-left:5px !important;\r\n\r\n\r\n}\r\n\r\n\t\t#tab_container_405 .wpsm_nav-tabs a{\r\n\t\t\tbackground-image: url(https:\/\/maispessoa.pt\/site\/wp-content\/plugins\/tabs-responsive\/assets\/images\/style-soft.png);\r\n\t\t\tbackground-position: 0 0;\r\n\t\t\tbackground-repeat: repeat-x;\r\n\t\t}\r\n\t\t\t\r\n\r\n\r\n#tab_container_405 .wpsm_nav-tabs > li {\r\n    float: left;\r\n    margin-bottom: -1px !important;\r\n\tmargin-right:0px !important; \r\n}\r\n\r\n\r\n#tab_container_405 .tab-content{\r\noverflow:hidden !important;\r\n}\r\n\r\n\r\n@media (min-width: 769px) {\r\n\r\n\t#tab_container_405 .wpsm_nav-tabs > li{\r\n\t\tfloat:left !important ;\r\n\t\t\t\tmargin-right:-1px !important;\r\n\t\t\t\t\t}\r\n\t#tab_container_405 .wpsm_nav-tabs{\r\n\t\tfloat:none !important;\r\n\t\tmargin:0px !important;\r\n\t}\r\n\r\n\t#tab_container_405 .wpsm_nav-tabs > li {\r\n\t\t\t\t\r\n\t}\r\n\t#tab_container_405 .wpsm_nav{\r\n\t\t\t}\r\n\r\n}\r\n\r\n\r\n\r\n@media (max-width: 768px) {\r\n\t#tab_container_405 .wpsm_nav-tabs > li {\r\n\t\t\t\t\r\n\t}\r\n\t#tab_container_405 .wpsm_nav{\r\n\t\t\t}\r\n}\r\n\r\n\r\n\t.wpsm_nav-tabs li:before{\r\n\t\tdisplay:none !important;\r\n\t}\r\n\r\n\t@media (max-width: 768px) {\r\n\t\t\t\t\r\n\t\t\t\t.wpsm_nav-tabs{\r\n\t\t\tmargin-left:0px !important;\r\n\t\t\tmargin-right:0px !important; \r\n\t\t\t\r\n\t\t}\r\n\t\t\t\t#tab_container_405 .wpsm_nav-tabs > li{\r\n\t\t\tfloat:none !important;\r\n\t\t}\r\n\t\t\t\r\n\t}\t\t\t\t<\/style>\r\n\t\t\t\t<div id=\"tab_container_405\" >\r\n\t \r\n\t\t\t\t\t<ul class=\"wpsm_nav wpsm_nav-tabs\" role=\"tablist\" id=\"myTab_405\">\r\n\t\t\t\t\t\t\t\r\n\t\t\t\t\t\t\t<li role=\"presentation\"  class=\"active\"  onclick=\"do_resize()\">\r\n\t\t\t\t\t\t\t\t<a href=\"#tabs_desc_405_1\" aria-controls=\"tabs_desc_405_1\" role=\"tab\" data-toggle=\"tab\">\r\n\t\t\t\t\t\t\t\t\t\r\n\t\t\t\t\t\t\t\t\t\t\t\t\t\t\t\t\t\t\t\t\t\t\t\t\t\t\t\t\t\t\t<i class=\"fa fa-arrows\"><\/i> \t\t\t\t\t\t\t\t\t\t\t\t\t\t\t\t\t\t\t\r\n\t\t\t\t\t\t\t\t\t\t\t\t\t\t\t\t\t\t\r\n\t\t\t\t\t\t\t\t\t<span>Consultoria<\/span>\r\n\t\t\t\t\t\t\t\t\t\r\n\t\t\t\t\t\t\t\t\t\t\t\t\t\t\t\t\t\t\r\n\t\t\t\t\t\t\t\t\t\t\t\t\t\t\t\t\t\t\t\t\r\n\t\t\t\t\t\t\t\t\t\r\n\t\t\t\t\t\t\t\t<\/a>\r\n\t\t\t\t\t\t\t<\/li>\r\n\t\t\t\t\t\t\t\r\n\t\t\t\t\t\t\t<li role=\"presentation\"  onclick=\"do_resize()\">\r\n\t\t\t\t\t\t\t\t<a href=\"#tabs_desc_405_2\" aria-controls=\"tabs_desc_405_2\" role=\"tab\" data-toggle=\"tab\">\r\n\t\t\t\t\t\t\t\t\t\r\n\t\t\t\t\t\t\t\t\t\t\t\t\t\t\t\t\t\t\t\t\t\t\t\t\t\t\t\t\t\t\t<i class=\"fa fa-anchor\"><\/i> \t\t\t\t\t\t\t\t\t\t\t\t\t\t\t\t\t\t\t\r\n\t\t\t\t\t\t\t\t\t\t\t\t\t\t\t\t\t\t\r\n\t\t\t\t\t\t\t\t\t<span>Forma\u00e7\u00e3o<\/span>\r\n\t\t\t\t\t\t\t\t\t\r\n\t\t\t\t\t\t\t\t\t\t\t\t\t\t\t\t\t\t\r\n\t\t\t\t\t\t\t\t\t\t\t\t\t\t\t\t\t\t\t\t\r\n\t\t\t\t\t\t\t\t\t\r\n\t\t\t\t\t\t\t\t<\/a>\r\n\t\t\t\t\t\t\t<\/li>\r\n\t\t\t\t\t\t\t\r\n\t\t\t\t\t\t\t<li role=\"presentation\"  onclick=\"do_resize()\">\r\n\t\t\t\t\t\t\t\t<a href=\"#tabs_desc_405_3\" aria-controls=\"tabs_desc_405_3\" role=\"tab\" data-toggle=\"tab\">\r\n\t\t\t\t\t\t\t\t\t\r\n\t\t\t\t\t\t\t\t\t\t\t\t\t\t\t\t\t\t\t\t\t\t\t\t\t\t\t\t\t\t\t<i class=\"fa fa-child\"><\/i> \t\t\t\t\t\t\t\t\t\t\t\t\t\t\t\t\t\t\t\r\n\t\t\t\t\t\t\t\t\t\t\t\t\t\t\t\t\t\t\r\n\t\t\t\t\t\t\t\t\t<span>AME - Aten\u00e7\u00e3o Medita\u00e7\u00e3o Emo\u00e7\u00e3o<\/span>\r\n\t\t\t\t\t\t\t\t\t\r\n\t\t\t\t\t\t\t\t\t\t\t\t\t\t\t\t\t\t\r\n\t\t\t\t\t\t\t\t\t\t\t\t\t\t\t\t\t\t\t\t\r\n\t\t\t\t\t\t\t\t\t\r\n\t\t\t\t\t\t\t\t<\/a>\r\n\t\t\t\t\t\t\t<\/li>\r\n\t\t\t\t\t\t\t\t\t\t\t <\/ul>\r\n\r\n\t\t\t\t\t  <!-- Tab panes -->\r\n\t\t\t\t\t  <div class=\"tab-content\" id=\"tab-content_405\">\r\n\t\t\t\t\t\t\t\t\t\t\t\t <div role=\"tabpanel\" class=\"tab-pane  in active \" id=\"tabs_desc_405_1\">\r\n\t\t\t\t\t\t\t\tApoio a pais e professores de forma a fornecer informa\u00e7\u00f5es t\u00e9cnicas, a promover compet\u00eancias e\/ou a desenvolver um plano de interven\u00e7\u00e3o que contribua para lidar de forma positiva com problem\u00e1ticas espec\u00edficas.\t\t\t\t\t\t <\/div>\r\n\t\t\t\t\t\t\t\t\t\t\t\t <div role=\"tabpanel\" class=\"tab-pane \" id=\"tabs_desc_405_2\">\r\n\t\t\t\t\t\t\t\tConcep\u00e7\u00e3o e desenvolvimento de ac\u00e7\u00f5es de forma\u00e7\u00e3o por t\u00e9cnicos especializados nas \u00e1reas da Psicologia, da Educa\u00e7\u00e3o, tendo como p\u00fablicos-alvo pais, professores, outros agentes educativos e psic\u00f3logos.\r\n<br><br>\r\nAs ac\u00e7\u00f5es de forma\u00e7\u00e3o podem ser desenvolvidas tendo por base um pedido particular, respondendo a necessidades espec\u00edficas. T\u00eam uma componente te\u00f3rico-pr\u00e1tica.\r\n<br><br>\r\nAlgumas das \u00e1reas de forma\u00e7\u00e3o:\r\n<p style=\"padding-left: 30px;\">\r\n- Desenvolvimento da crian\u00e7a;<br>\r\n- O sono da crian\u00e7a;<br>\r\n- Bullying na escola;<br>\r\n- Desenvolvimento Vocacional;<br>\r\n- M\u00e9todos e t\u00e9cnicas de estudo;<br>\r\n- Perturba\u00e7\u00f5es de leitura e escrita;<br>\r\n- Pr\u00e9-requisitos para as aprendizagens escolares;<br>\r\n- Parentalidade positiva e pr\u00e1ticas educativas parentais;<br>\r\n- Hiperactividade e D\u00e9fice de Aten\u00e7\u00e3o;<br>\r\n- Gest\u00e3o de Sala de Aula<\/p>\t\t\t\t\t\t <\/div>\r\n\t\t\t\t\t\t\t\t\t\t\t\t <div role=\"tabpanel\" class=\"tab-pane \" id=\"tabs_desc_405_3\">\r\n\t\t\t\t\t\t\t\tSess\u00f5es AME EM FAM\u00cdLIA\r\n<br><br>\r\n\r\nMEDO E CONFIAN\u00c7A (V\u00e2nia Ribeiro)<br>\r\nRAIVA E A CALMA (V\u00e2nia Ribeiro)<br>\r\n EGO\u00cdSMO E EMPATIA (V\u00e2nia Ribeiro)<br>\r\nTRISTEZA E ALEGRIA (V\u00e2nia Ribeiro)<br><br>\r\nSess\u00f5es AME para crian\u00e7as\r\n<br><br>\r\nJOGOS DE ATEN\u00c7\u00c3O AO QUE VEJO (Em\u00edlia Amorim)<br>\r\nJOGOS DE ATEN\u00c7\u00c3O AO QUE OU\u00c7O (Lia Cancela)<br>\r\nJOGOS DE ATEN\u00c7\u00c3O AO MOVIMENTO DO CORPO (V\u00e2nia Ribeiro)\r\n<br><br>\r\n\r\nComo:<br>\r\nJogos, hist\u00f3rias, exerc\u00edcios de visualiza\u00e7\u00e3o\/medita\u00e7\u00e3o, de respira\u00e7\u00e3o e movimento, e de aten\u00e7\u00e3o e imagina\u00e7\u00e3o ser\u00e3o os meios para promover a intelig\u00eancia emocional e relacional, a capacidade de escolher o foco de aten\u00e7\u00e3o e praticar formas de acalmar atrav\u00e9s dos sentidos.\r\n<br><br>\r\nObjetivos: <br>\r\n- treinar a capacidade de repousar a aten\u00e7\u00e3o<br>\r\n- identificar e reconhecer emo\u00e7\u00f5es <br>\r\n- observar pensamentos, comportamentos e sensa\u00e7\u00f5es corporais associados \u00e0s emo\u00e7\u00f5es<br>\r\n- promover e treinar estrat\u00e9gias para se relacionar com emo\u00e7\u00f5es como a raiva, medo\/ansiedade, tristeza<br>\r\n- treinar estrat\u00e9gias para aumentar calma, alegria, confian\u00e7a e empatia, no sentido do equil\u00edbrio emocional<br>\r\n- diminuir a impulsividade e agressividade<br>\r\n- melhorar as rela\u00e7\u00f5es com os outros e o espirito colaborativo<br>\r\n- promover a curiosidade, criatividade e espirito aberto e livre<br>\t\t\t\t\t\t <\/div>\r\n\t\t\t\t\t\t\t\r\n\t\t\t\t\t <\/div>\r\n\t\t\t\t\t \r\n\t\t\t\t <\/div>\r\n <script>\r\n\t\tjQuery(function () {\r\n\t\t\tjQuery('#myTab_405 a:first').tab('show')\r\n\t\t});\r\n\t\t\r\n\t\t\t\tjQuery(function(){\r\n\t\t\tvar b=\"fadeIn\";\r\n\t\t\tvar c;\r\n\t\t\tvar a;\r\n\t\t\td(jQuery(\"#myTab_405 a\"),jQuery(\"#tab-content_405\"));function d(e,f,g){\r\n\t\t\t\te.click(function(i){\r\n\t\t\t\t\ti.preventDefault();\r\n\t\t\t\t\tjQuery(this).tab(\"show\");\r\n\t\t\t\t\tvar h=jQuery(this).data(\"easein\");\r\n\t\t\t\t\tif(c){c.removeClass(a);}\r\n\t\t\t\t\tif(h){f.find(\"div.active\").addClass(\"animated \"+h);a=h;}\r\n\t\t\t\t\telse{if(g){f.find(\"div.active\").addClass(\"animated \"+g);a=g;}else{f.find(\"div.active\").addClass(\"animated \"+b);a=b;}}c=f.find(\"div.active\");\r\n\t\t\t\t});\r\n\t\t\t}\r\n\t\t});\r\n\t\t\r\n\r\n\t\tfunction do_resize(){\r\n\r\n\t\t\tvar width=jQuery( '.tab-content .tab-pane iframe' ).width();\r\n\t\t\tvar height=jQuery( '.tab-content .tab-pane iframe' ).height();\r\n\r\n\t\t\tvar toggleSize = true;\r\n\t\t\tjQuery('iframe').animate({\r\n\t\t\t    width: toggleSize ? width : 640,\r\n\t\t\t    height: toggleSize ? height : 360\r\n\t\t\t  }, 250);\r\n\r\n\t\t\t  toggleSize = !toggleSize;\r\n\t\t}\r\n\r\n\r\n\t<\/script>\r\n\t\t\t\t\r\n\t\t\t\n","protected":false},"excerpt":{"rendered":"","protected":false},"author":1,"featured_media":0,"parent":0,"menu_order":0,"comment_status":"closed","ping_status":"closed","template":"","meta":{"footnotes":""},"class_list":["post-404","page","type-page","status-publish","hentry"],"_links":{"self":[{"href":"https:\/\/maispessoa.pt\/site\/wp-json\/wp\/v2\/pages\/404","targetHints":{"allow":["GET"]}}],"collection":[{"href":"https:\/\/maispessoa.pt\/site\/wp-json\/wp\/v2\/pages"}],"about":[{"href":"https:\/\/maispessoa.pt\/site\/wp-json\/wp\/v2\/types\/page"}],"author":[{"embeddable":true,"href":"https:\/\/maispessoa.pt\/site\/wp-json\/wp\/v2\/users\/1"}],"replies":[{"embeddable":true,"href":"https:\/\/maispessoa.pt\/site\/wp-json\/wp\/v2\/comments?post=404"}],"version-history":[{"count":2,"href":"https:\/\/maispessoa.pt\/site\/wp-json\/wp\/v2\/pages\/404\/revisions"}],"predecessor-version":[{"id":551,"href":"https:\/\/maispessoa.pt\/site\/wp-json\/wp\/v2\/pages\/404\/revisions\/551"}],"wp:attachment":[{"href":"https:\/\/maispessoa.pt\/site\/wp-json\/wp\/v2\/media?parent=404"}],"curies":[{"name":"wp","href":"https:\/\/api.w.org\/{rel}","templated":true}]}}